{"id":21,"date":"2024-10-31T07:50:11","date_gmt":"2024-10-31T07:50:11","guid":{"rendered":"https:\/\/aula.lerbermatt.ch\/?page_id=21"},"modified":"2025-10-07T15:16:25","modified_gmt":"2025-10-07T15:16:25","slug":"lager-ug-aula","status":"publish","type":"page","link":"https:\/\/aula.lerbermatt.ch\/?page_id=21","title":{"rendered":"Lager UG Aula"},"content":{"rendered":"\n<div class=\"wp-block-group alignwide\"><div class=\"wp-block-group__inner-container is-layout-constrained wp-block-group-is-layout-constrained\">\n<h1 class=\"wp-block-heading alignwide has-xx-large-font-size\" style=\"line-height:1.2\">\u00dcbersicht: Sektoren UG<\/h1>\n<\/div><\/div>\n\n\n\n<figure class=\"wp-block-image size-large\"><img loading=\"lazy\" decoding=\"async\" width=\"1024\" height=\"900\" src=\"https:\/\/aula.lerbermatt.ch\/wp-content\/uploads\/2025\/01\/plan-material-UG-1024x900.png\" alt=\"\" class=\"wp-image-46\" srcset=\"https:\/\/aula.lerbermatt.ch\/wp-content\/uploads\/2025\/01\/plan-material-UG-1024x900.png 1024w, https:\/\/aula.lerbermatt.ch\/wp-content\/uploads\/2025\/01\/plan-material-UG-300x264.png 300w, https:\/\/aula.lerbermatt.ch\/wp-content\/uploads\/2025\/01\/plan-material-UG-768x675.png 768w, https:\/\/aula.lerbermatt.ch\/wp-content\/uploads\/2025\/01\/plan-material-UG-1536x1349.png 1536w, https:\/\/aula.lerbermatt.ch\/wp-content\/uploads\/2025\/01\/plan-material-UG-624x548.png 624w, https:\/\/aula.lerbermatt.ch\/wp-content\/uploads\/2025\/01\/plan-material-UG.png 1876w\" sizes=\"auto, (max-width: 1024px) 100vw, 1024px\" \/><\/figure>\n\n\n\n<h2 class=\"wp-block-heading\">Sektor A: Unter B\u00fchne, Treppe<\/h2>\n\n\n\n<figure class=\"wp-block-image size-large\"><img loading=\"lazy\" decoding=\"async\" width=\"1024\" height=\"401\" src=\"https:\/\/aula.lerbermatt.ch\/wp-content\/uploads\/2024\/10\/UG-Sektor-A-1024x401.png\" alt=\"\" class=\"wp-image-26\" srcset=\"https:\/\/aula.lerbermatt.ch\/wp-content\/uploads\/2024\/10\/UG-Sektor-A-1024x401.png 1024w, https:\/\/aula.lerbermatt.ch\/wp-content\/uploads\/2024\/10\/UG-Sektor-A-300x117.png 300w, https:\/\/aula.lerbermatt.ch\/wp-content\/uploads\/2024\/10\/UG-Sektor-A-768x301.png 768w, https:\/\/aula.lerbermatt.ch\/wp-content\/uploads\/2024\/10\/UG-Sektor-A-1536x601.png 1536w, https:\/\/aula.lerbermatt.ch\/wp-content\/uploads\/2024\/10\/UG-Sektor-A-624x244.png 624w, https:\/\/aula.lerbermatt.ch\/wp-content\/uploads\/2024\/10\/UG-Sektor-A.png 1978w\" sizes=\"auto, (max-width: 1024px) 100vw, 1024px\" \/><\/figure>\n\n\n\n<h3 class=\"wp-block-heading\">A1 und A2 (Schr\u00e4nke)<\/h3>\n\n\n\n<ul class=\"wp-block-list\">\n<li>Clamps<\/li>\n\n\n\n<li>Kabel<\/li>\n\n\n\n<li>Farbfilter<\/li>\n\n\n\n<li>Kabelbinder<\/li>\n\n\n\n<li>Spanset<\/li>\n<\/ul>\n\n\n\n<h3 class=\"wp-block-heading\">A3 (Areal vor Treppe)<\/h3>\n\n\n\n<ul class=\"wp-block-list\">\n<li>grosse B\u00fchnenmoltons (6 Ex. 5.5 x 2.3 m)<\/li>\n\n\n\n<li>kleinerer B\u00fchnenmolton (3 x 3 m)<\/li>\n<\/ul>\n\n\n\n<h3 class=\"wp-block-heading\">A4 (grosses Gestell)<\/h3>\n\n\n\n<ul class=\"wp-block-list\">\n<li>Rauchmaschinen und Fluid<\/li>\n\n\n\n<li>Spiegelkugel<\/li>\n\n\n\n<li>alte (Bau-)Scheinwerfer<\/li>\n\n\n\n<li>Alustangen<\/li>\n<\/ul>\n\n\n\n<h3 class=\"wp-block-heading\">A5 (kleines Gestell)<\/h3>\n\n\n\n<ul class=\"wp-block-list\">\n<li>kleine Lampen f\u00fcr Backstage o.\u00e4.<\/li>\n\n\n\n<li>an der Wand:\n<ul class=\"wp-block-list\">\n<li>2 grosse Wind-ups<\/li>\n\n\n\n<li>Scheinwerferst\u00e4nder<\/li>\n<\/ul>\n<\/li>\n<\/ul>\n\n\n\n<h2 class=\"wp-block-heading\">Sektor B: Grosser Platz<\/h2>\n\n\n\n<figure class=\"wp-block-image size-large\"><img loading=\"lazy\" decoding=\"async\" width=\"558\" height=\"1024\" src=\"https:\/\/aula.lerbermatt.ch\/wp-content\/uploads\/2024\/10\/UG-Sektor-B-558x1024.png\" alt=\"\" class=\"wp-image-27\" srcset=\"https:\/\/aula.lerbermatt.ch\/wp-content\/uploads\/2024\/10\/UG-Sektor-B-558x1024.png 558w, https:\/\/aula.lerbermatt.ch\/wp-content\/uploads\/2024\/10\/UG-Sektor-B-163x300.png 163w, https:\/\/aula.lerbermatt.ch\/wp-content\/uploads\/2024\/10\/UG-Sektor-B-768x1410.png 768w, https:\/\/aula.lerbermatt.ch\/wp-content\/uploads\/2024\/10\/UG-Sektor-B-624x1146.png 624w, https:\/\/aula.lerbermatt.ch\/wp-content\/uploads\/2024\/10\/UG-Sektor-B.png 794w\" sizes=\"auto, (max-width: 558px) 100vw, 558px\" \/><\/figure>\n\n\n\n<h3 class=\"wp-block-heading\">B1 (alter Schrank)<\/h3>\n\n\n\n<ul class=\"wp-block-list\">\n<li>Geschirr<\/li>\n\n\n\n<li>Besteck<\/li>\n\n\n\n<li>Gl\u00e4ser<\/li>\n\n\n\n<li>Vasen und grosse Gef\u00e4sse (oben drauf)<\/li>\n<\/ul>\n\n\n\n<h3 class=\"wp-block-heading\">B2 (Sektor)<\/h3>\n\n\n\n<ul class=\"wp-block-list\">\n<li>St\u00fchle:\n<ul class=\"wp-block-list\">\n<li>Hochst\u00fchle (Band, S\u00e4nger, etc.)<\/li>\n<\/ul>\n<\/li>\n\n\n\n<li>kleine M\u00f6belst\u00fccke<\/li>\n\n\n\n<li>kleine Tische<\/li>\n<\/ul>\n\n\n\n<h3 class=\"wp-block-heading\">B3 (Gestell)<\/h3>\n\n\n\n<ul class=\"wp-block-list\">\n<li>T\u00fccher (meist Baumwolle)<\/li>\n\n\n\n<li>Teppiche<\/li>\n<\/ul>\n\n\n\n<h3 class=\"wp-block-heading\">B4 (Konsolen an Wand)<\/h3>\n\n\n\n<p>Stahlstangen, quadratischer Querschnitt, mit passenden Winkeln zu Verbindung<\/p>\n\n\n\n<h3 class=\"wp-block-heading\">B5 (Konsolen and Wand)<\/h3>\n\n\n\n<ul class=\"wp-block-list\">\n<li>Latten und anderes Langholz<\/li>\n\n\n\n<li>Harassen<\/li>\n<\/ul>\n\n\n\n<h3 class=\"wp-block-heading\">B6 (Schrank) Kost\u00fcmteile\/Accessoires<\/h3>\n\n\n\n<ul class=\"wp-block-list\">\n<li>Taschen<\/li>\n\n\n\n<li>G\u00fcrtel<\/li>\n<\/ul>\n\n\n\n<h3 class=\"wp-block-heading\">B7 (Schrank) Requisiten<\/h3>\n\n\n\n<ul class=\"wp-block-list\">\n<li>Computer<\/li>\n\n\n\n<li>Schreibmaschinen<\/li>\n\n\n\n<li>Telefone<\/li>\n\n\n\n<li>technisches Ger\u00e4t<\/li>\n<\/ul>\n\n\n\n<h3 class=\"wp-block-heading\">B8 Lounge<\/h3>\n\n\n\n<p>Sofas und Sessel, Tischchen<\/p>\n\n\n\n<h2 class=\"wp-block-heading\">Sektor C: Material The Caretakers<\/h2>\n\n\n\n<p>Englische Theatergruppe in Bern<\/p>\n\n\n\n<h2 class=\"wp-block-heading\">Sektor D: Fundus, Baumaterial, Werkzeug<\/h2>\n\n\n\n<figure class=\"wp-block-image size-large\"><img loading=\"lazy\" decoding=\"async\" width=\"711\" height=\"1024\" src=\"https:\/\/aula.lerbermatt.ch\/wp-content\/uploads\/2025\/01\/sektor-D-711x1024.png\" alt=\"\" class=\"wp-image-47\" srcset=\"https:\/\/aula.lerbermatt.ch\/wp-content\/uploads\/2025\/01\/sektor-D-711x1024.png 711w, https:\/\/aula.lerbermatt.ch\/wp-content\/uploads\/2025\/01\/sektor-D-208x300.png 208w, https:\/\/aula.lerbermatt.ch\/wp-content\/uploads\/2025\/01\/sektor-D-768x1107.png 768w, https:\/\/aula.lerbermatt.ch\/wp-content\/uploads\/2025\/01\/sektor-D-624x899.png 624w, https:\/\/aula.lerbermatt.ch\/wp-content\/uploads\/2025\/01\/sektor-D.png 970w\" sizes=\"auto, (max-width: 711px) 100vw, 711px\" \/><\/figure>\n\n\n\n<h3 class=\"wp-block-heading\"><mark style=\"background-color:rgba(0, 0, 0, 0)\" class=\"has-inline-color has-blue-color\">D1 (Schrank)<\/mark><\/h3>\n\n\n\n<ul class=\"wp-block-list\">\n<li>Werkzeuge<\/li>\n\n\n\n<li>Maschinen (Akkuschrauber, etc.)<\/li>\n\n\n\n<li>Schrauben, Beschl\u00e4ge<\/li>\n<\/ul>\n\n\n\n<h3 class=\"wp-block-heading\"><mark style=\"background-color:rgba(0, 0, 0, 0)\" class=\"has-inline-color has-blue-color\">D2 (offener Schrank)<\/mark><\/h3>\n\n\n\n<ul class=\"wp-block-list\">\n<li><strong>Archiv<\/strong><\/li>\n\n\n\n<li>Alte Unterlagen, Plakate, Flyer, Programmhefte<\/li>\n\n\n\n<li><em>Kassen<\/em><\/li>\n<\/ul>\n\n\n\n<h3 class=\"wp-block-heading\">D3 (Schrank)<\/h3>\n\n\n\n<p><strong>Requisiten<\/strong><\/p>\n\n\n\n<ul class=\"wp-block-list\">\n<li>Per\u00fccken<\/li>\n\n\n\n<li>Kerzenst\u00e4nder<\/li>\n\n\n\n<li>Masken<\/li>\n\n\n\n<li>Schmuck<\/li>\n<\/ul>\n\n\n\n<h3 class=\"wp-block-heading\">D4 (Schrank)<\/h3>\n\n\n\n<p><strong>Requisiten<\/strong><\/p>\n\n\n\n<ul class=\"wp-block-list\">\n<li>Kleininstrumente<\/li>\n\n\n\n<li>R\u00fcstung<\/li>\n\n\n\n<li>Stelzen<\/li>\n\n\n\n<li>Handys, Fotoapparate<\/li>\n\n\n\n<li>Gasmasken<\/li>\n<\/ul>\n\n\n\n<h3 class=\"wp-block-heading\">D5 (Gestell)<\/h3>\n\n\n\n<p><strong>Baumaterial<\/strong><\/p>\n\n\n\n<ul class=\"wp-block-list\">\n<li>Schaumstoff<\/li>\n\n\n\n<li>Drahtgitter<\/li>\n\n\n\n<li>Schraubzwingen<\/li>\n<\/ul>\n\n\n\n<p><strong>alte Technik<\/strong><\/p>\n\n\n\n<ul class=\"wp-block-list\">\n<li>Kabelstr\u00e4nge<\/li>\n\n\n\n<li>alte Mikros<\/li>\n\n\n\n<li>alte Lichtkonsolen und Dimmer (analog)<\/li>\n<\/ul>\n\n\n\n<h3 class=\"wp-block-heading\">D6 (Schrank)<\/h3>\n\n\n\n<ul class=\"wp-block-list\">\n<li><strong>Malermaterial<\/strong>\n<ul class=\"wp-block-list\">\n<li>Farbe<\/li>\n\n\n\n<li>Kleister<\/li>\n\n\n\n<li>Pinsel<\/li>\n\n\n\n<li>Farbrollen<\/li>\n\n\n\n<li>Abdeckmaterial<\/li>\n<\/ul>\n<\/li>\n\n\n\n<li><strong>Rollen<\/strong>&nbsp;(f\u00fcr unter M\u00f6bel, etc.!)<\/li>\n\n\n\n<li><strong>Metallmaterial \/ Beschl\u00e4ge<\/strong>\n<ul class=\"wp-block-list\">\n<li>Scharniere<\/li>\n\n\n\n<li>Winkel<\/li>\n\n\n\n<li>B\u00e4nder<\/li>\n<\/ul>\n<\/li>\n<\/ul>\n\n\n\n<h3 class=\"wp-block-heading\">D7 (Schrank)<\/h3>\n\n\n\n<ul class=\"wp-block-list\">\n<li>Kunstblumen<\/li>\n<\/ul>\n\n\n\n<h3 class=\"wp-block-heading\">D8 (Schrank)<\/h3>\n\n\n\n<p>1<\/p>\n\n\n\n<ul class=\"wp-block-list\">\n<li>Kr\u00fccken, St\u00f6cke<\/li>\n<\/ul>\n\n\n\n<p>2<\/p>\n\n\n\n<ul class=\"wp-block-list\">\n<li>Lange St\u00e4be<\/li>\n<\/ul>\n\n\n\n<p>3<\/p>\n\n\n\n<ul class=\"wp-block-list\">\n<li>Herrenhosen<\/li>\n\n\n\n<li>Anzughosen<\/li>\n\n\n\n<li>Uniformhosen<\/li>\n<\/ul>\n\n\n\n<h3 class=\"wp-block-heading\">D9 (Schrank)<\/h3>\n\n\n\n<p><strong>Kleider<\/strong><\/p>\n\n\n\n<p>1 (v.l.n.r.)<\/p>\n\n\n\n<ul class=\"wp-block-list\">\n<li>M\u00e4rchen\/&#8220;Mittelalter&#8220;<\/li>\n<\/ul>\n\n\n\n<p>2<\/p>\n\n\n\n<ul class=\"wp-block-list\">\n<li>Hemden<\/li>\n<\/ul>\n\n\n\n<p>3<\/p>\n\n\n\n<ul class=\"wp-block-list\">\n<li>Herrensakkos<\/li>\n\n\n\n<li>Gilets<\/li>\n<\/ul>\n\n\n\n<h3 class=\"wp-block-heading\">D10 (Schrank)<\/h3>\n\n\n\n<p>Herrenanz\u00fcge und -Sackos<\/p>\n\n\n\n<h3 class=\"wp-block-heading\">D11 (Schrank)<\/h3>\n\n\n\n<ul class=\"wp-block-list\">\n<li>Uniformen<\/li>\n\n\n\n<li>Gehr\u00f6cke<\/li>\n<\/ul>\n\n\n\n<h3 class=\"wp-block-heading\">D12 (Gestell)<\/h3>\n\n\n\n<p>Schuhe<\/p>\n\n\n\n<h3 class=\"wp-block-heading\">D13 (Schrank)<\/h3>\n\n\n\n<p><strong>1-3: Oberbekleidung: M\u00e4ntel<\/strong><\/p>\n\n\n\n<p>1:<\/p>\n\n\n\n<ul class=\"wp-block-list\">\n<li>Berufskleidung\n<ul class=\"wp-block-list\">\n<li>Koch, etc.<\/li>\n<\/ul>\n<\/li>\n<\/ul>\n\n\n\n<p>2:<\/p>\n\n\n\n<ul class=\"wp-block-list\">\n<li>Berufskleidung\n<ul class=\"wp-block-list\">\n<li>Operationssaal, Arzt<\/li>\n\n\n\n<li>Klempner<\/li>\n<\/ul>\n<\/li>\n<\/ul>\n\n\n\n<p>3:<\/p>\n\n\n\n<ul class=\"wp-block-list\">\n<li>Pelz (Handw\u00e4rmer, Schultert\u00fccher, etc.)<\/li>\n\n\n\n<li>Sch\u00fcrzen (auch Service)<\/li>\n<\/ul>\n\n\n\n<h3 class=\"wp-block-heading\">D14 (Schrank)<\/h3>\n\n\n\n<p><strong>Damenkleider<\/strong><\/p>\n\n\n\n<p>1<\/p>\n\n\n\n<ul class=\"wp-block-list\">\n<li>R\u00f6cke \/ Jupes<\/li>\n\n\n\n<li>Hosen<\/li>\n\n\n\n<li>Leder (Jupes, Mieder, etc.)<\/li>\n<\/ul>\n\n\n\n<p>Mittelteil (Spiegel):<\/p>\n\n\n\n<ul class=\"wp-block-list\">\n<li>Handschuhe<\/li>\n<\/ul>\n\n\n\n<p>2<\/p>\n\n\n\n<ul class=\"wp-block-list\">\n<li>Nachtw\u00e4sche \/ Unterw\u00e4sche<\/li>\n\n\n\n<li>Oberteile (Pulis, J\u00e4ckchen, etc.)<\/li>\n<\/ul>\n\n\n\n<h3 class=\"wp-block-heading\">D15 (Schrank)<\/h3>\n\n\n\n<p><strong>Damenkleider<\/strong><\/p>\n\n\n\n<p>1<\/p>\n\n\n\n<ul class=\"wp-block-list\">\n<li>Blusen<\/li>\n\n\n\n<li>lange Kleider<\/li>\n<\/ul>\n\n\n\n<p>2<\/p>\n\n\n\n<ul class=\"wp-block-list\">\n<li>R\u00f6cke<\/li>\n\n\n\n<li>Jacken<\/li>\n<\/ul>\n\n\n\n<p>in den Schubladen: Accessoires<\/p>\n\n\n\n<ul class=\"wp-block-list\">\n<li>Brillen<\/li>\n\n\n\n<li>Spiele<\/li>\n\n\n\n<li>Kerzen<\/li>\n\n\n\n<li>Geld<\/li>\n\n\n\n<li>Krawatten<\/li>\n\n\n\n<li>Hosentr\u00e4ger<\/li>\n<\/ul>\n\n\n\n<p>3<\/p>\n\n\n\n<ul class=\"wp-block-list\">\n<li>lange Kleider<\/li>\n<\/ul>\n\n\n\n<p>4<\/p>\n\n\n\n<ul class=\"wp-block-list\">\n<li>Blusen<\/li>\n<\/ul>\n\n\n\n<h3 class=\"wp-block-heading\">D16 (Gestell)<\/h3>\n\n\n\n<p>H\u00fcte<\/p>\n\n\n\n<h2 class=\"wp-block-heading\">Sektor E: Lager<\/h2>\n\n\n\n<ul class=\"wp-block-list\">\n<li>Bretterlager<\/li>\n\n\n\n<li>grossformatiges Flachholz<\/li>\n\n\n\n<li>Leinw\u00e4nde<\/li>\n\n\n\n<li>St\u00fchle:\n<ul class=\"wp-block-list\">\n<li>Klassische St\u00fchle<\/li>\n<\/ul>\n<\/li>\n<\/ul>\n\n\n\n<p><\/p>\n","protected":false},"excerpt":{"rendered":"<p>\u00dcbersicht: Sektoren UG Sektor A: Unter B\u00fchne, Treppe A1 und A2 (Schr\u00e4nke) A3 (Areal vor Treppe) A4 (grosses Gestell) A5 (kleines Gestell) Sektor B: Grosser Platz B1 (alter Schrank) B2 (Sektor) B3 (Gestell) B4 (Konsolen an Wand) Stahlstangen, quadratischer Querschnitt, mit passenden Winkeln zu Verbindung B5 (Konsolen and Wand) B6 (Schrank) Kost\u00fcmteile\/Accessoires B7 (Schrank) Requisiten [&hellip;]<\/p>\n","protected":false},"author":1,"featured_media":0,"parent":0,"menu_order":0,"comment_status":"closed","ping_status":"closed","template":"","meta":{"footnotes":""},"class_list":["post-21","page","type-page","status-publish","hentry"],"_links":{"self":[{"href":"https:\/\/aula.lerbermatt.ch\/index.php?rest_route=\/wp\/v2\/pages\/21","targetHints":{"allow":["GET"]}}],"collection":[{"href":"https:\/\/aula.lerbermatt.ch\/index.php?rest_route=\/wp\/v2\/pages"}],"about":[{"href":"https:\/\/aula.lerbermatt.ch\/index.php?rest_route=\/wp\/v2\/types\/page"}],"author":[{"embeddable":true,"href":"https:\/\/aula.lerbermatt.ch\/index.php?rest_route=\/wp\/v2\/users\/1"}],"replies":[{"embeddable":true,"href":"https:\/\/aula.lerbermatt.ch\/index.php?rest_route=%2Fwp%2Fv2%2Fcomments&post=21"}],"version-history":[{"count":6,"href":"https:\/\/aula.lerbermatt.ch\/index.php?rest_route=\/wp\/v2\/pages\/21\/revisions"}],"predecessor-version":[{"id":51,"href":"https:\/\/aula.lerbermatt.ch\/index.php?rest_route=\/wp\/v2\/pages\/21\/revisions\/51"}],"wp:attachment":[{"href":"https:\/\/aula.lerbermatt.ch\/index.php?rest_route=%2Fwp%2Fv2%2Fmedia&parent=21"}],"curies":[{"name":"wp","href":"https:\/\/api.w.org\/{rel}","templated":true}]}}